{"id":2,"date":"2024-08-21T16:20:18","date_gmt":"2024-08-21T16:20:18","guid":{"rendered":"https:\/\/calliotech.fr\/?page_id=2"},"modified":"2025-03-03T12:12:47","modified_gmt":"2025-03-03T12:12:47","slug":"accueil","status":"publish","type":"page","link":"https:\/\/calliotech.fr\/","title":{"rendered":""},"content":{"rendered":"\n<p><\/p>\n\n\n\n<p class=\"has-medium-font-size\">Bienvenue dans l\u2019univers de Calliotech&nbsp;!<\/p>\n\n\n\n<p><\/p>\n\n\n\n<p class=\"has-medium-font-size\">&nbsp;&nbsp;&nbsp;&nbsp;&nbsp;&nbsp;&nbsp; Comme son nom le laisse deviner, Calliotech se veut un m\u00e9lange de cr\u00e9ation, d\u2019inspiration, d\u2019Histoire ou d\u2019histoire avec un soup\u00e7on de technologie.<\/p>\n\n\n\n<p><\/p>\n\n\n\n<p class=\"has-medium-font-size\">&nbsp;&nbsp;&nbsp;&nbsp;&nbsp;&nbsp;&nbsp; Professeure d\u2019Histoire-G\u00e9ographie et Enseignement Moral et Civique, mon appel \u00e0 la muse Calliope, le muse des po\u00e8mes \u00e9piques et de l\u2019\u00e9loquence, me permet de laisser para\u00eetre \u00e0 la fois mon amour des lettres, des histoires et de l\u2019Histoire. Son caract\u00e8re inspirant t\u00e9moigne \u00e9galement de ma volont\u00e9 de transmettre la passion de l\u2019\u00e9criture, de la communication \u00e0 travers des activit\u00e9s pleine de sens et attractives pour les jeunes.<\/p>\n\n\n\n<p><\/p>\n\n\n\n<figure class=\"wp-block-image alignright size-full is-resized\"><img loading=\"lazy\" decoding=\"async\" width=\"1024\" height=\"1024\" src=\"https:\/\/calliotech.fr\/wp-content\/uploads\/2024\/08\/E56274EB-C2F4-4BAC-927D-C4D07BC569F8-2.jpeg\" alt=\"\" class=\"wp-image-20\" style=\"width:197px;height:auto\" srcset=\"https:\/\/calliotech.fr\/wp-content\/uploads\/2024\/08\/E56274EB-C2F4-4BAC-927D-C4D07BC569F8-2.jpeg 1024w, https:\/\/calliotech.fr\/wp-content\/uploads\/2024\/08\/E56274EB-C2F4-4BAC-927D-C4D07BC569F8-2-300x300.jpeg 300w, https:\/\/calliotech.fr\/wp-content\/uploads\/2024\/08\/E56274EB-C2F4-4BAC-927D-C4D07BC569F8-2-150x150.jpeg 150w, https:\/\/calliotech.fr\/wp-content\/uploads\/2024\/08\/E56274EB-C2F4-4BAC-927D-C4D07BC569F8-2-768x768.jpeg 768w\" sizes=\"auto, (max-width: 1024px) 100vw, 1024px\" \/><\/figure>\n\n\n\n<p class=\"has-medium-font-size\">&nbsp;&nbsp;&nbsp;&nbsp;&nbsp;&nbsp;&nbsp; Loin d\u2019\u00eatre coinc\u00e9e entre les pages de mes livres d\u2019Histoire, j\u2019ai toujours consid\u00e9r\u00e9 que le c\u00f4t\u00e9 Tech \u00e9tait un avantage qui devait \u00eatre exploit\u00e9 au profit des enfants, de l\u2019\u00e9ducation. L\u2019innovation n\u2019inclut pas forc\u00e9ment la technologie, mais celle-ci peut nous aider \u00e0 r\u00e9aliser de beaux projets et c\u2019est ainsi que j\u2019ai d\u00e9cid\u00e9 de la mettre \u00e0 profit.<\/p>\n\n\n\n<p><\/p>\n\n\n\n<p class=\"has-medium-font-size\">\u00a0\u00a0\u00a0\u00a0\u00a0\u00a0\u00a0\u00a0 <\/p>\n\n\n\n<div style=\"height:40px\" aria-hidden=\"true\" class=\"wp-block-spacer\"><\/div>\n\n\n\n<div class=\"wp-block-buttons is-content-justification-center is-layout-flex wp-container-core-buttons-is-layout-1 wp-block-buttons-is-layout-flex\">\n<div class=\"wp-block-button is-style-outline is-style-outline--1\"><a class=\"wp-block-button__link wp-element-button\" href=\"https:\/\/calliotech.fr\/index.php\/mon-cv\/\">Besoin d\u2019en savoir plus sur moi ? Cliquez ici.<\/a><\/div>\n<\/div>\n\n\n\n<div style=\"height:40px\" aria-hidden=\"true\" class=\"wp-block-spacer\"><\/div>\n","protected":false},"excerpt":{"rendered":"<p>Bienvenue dans l\u2019univers de Calliotech&nbsp;! &nbsp;&nbsp;&nbsp;&nbsp;&nbsp;&nbsp;&nbsp; Comme son nom le laisse deviner, Calliotech se veut un m\u00e9lange de cr\u00e9ation, d\u2019inspiration, d\u2019Histoire ou d\u2019histoire avec un soup\u00e7on de technologie. &nbsp;&nbsp;&nbsp;&nbsp;&nbsp;&nbsp;&nbsp; Professeure d\u2019Histoire-G\u00e9ographie et Enseignement Moral et Civique, mon appel \u00e0 la muse Calliope, le muse des po\u00e8mes \u00e9piques et de l\u2019\u00e9loquence, me permet de laisser para\u00eetre &hellip; <\/p>\n<p class=\"link-more\"><a href=\"https:\/\/calliotech.fr\/\" class=\"more-link\">Lire la suite de<span class=\"screen-reader-text\">\u00ab\u00a0\u00a0\u00bb<\/span><\/a><\/p>\n","protected":false},"author":1,"featured_media":0,"parent":0,"menu_order":0,"comment_status":"closed","ping_status":"closed","template":"template-fullwidth-stretched.php","meta":{"footnotes":""},"class_list":["post-2","page","type-page","status-publish","hentry"],"_links":{"self":[{"href":"https:\/\/calliotech.fr\/index.php\/wp-json\/wp\/v2\/pages\/2","targetHints":{"allow":["GET"]}}],"collection":[{"href":"https:\/\/calliotech.fr\/index.php\/wp-json\/wp\/v2\/pages"}],"about":[{"href":"https:\/\/calliotech.fr\/index.php\/wp-json\/wp\/v2\/types\/page"}],"author":[{"embeddable":true,"href":"https:\/\/calliotech.fr\/index.php\/wp-json\/wp\/v2\/users\/1"}],"replies":[{"embeddable":true,"href":"https:\/\/calliotech.fr\/index.php\/wp-json\/wp\/v2\/comments?post=2"}],"version-history":[{"count":19,"href":"https:\/\/calliotech.fr\/index.php\/wp-json\/wp\/v2\/pages\/2\/revisions"}],"predecessor-version":[{"id":328,"href":"https:\/\/calliotech.fr\/index.php\/wp-json\/wp\/v2\/pages\/2\/revisions\/328"}],"wp:attachment":[{"href":"https:\/\/calliotech.fr\/index.php\/wp-json\/wp\/v2\/media?parent=2"}],"curies":[{"name":"wp","href":"https:\/\/api.w.org\/{rel}","templated":true}]}}